{"id":485,"date":"2021-01-08T20:43:06","date_gmt":"2021-01-08T20:43:06","guid":{"rendered":"http:\/\/www.gekho.fr\/monbook\/?page_id=485"},"modified":"2021-01-22T14:39:58","modified_gmt":"2021-01-22T14:39:58","slug":"albums","status":"publish","type":"page","link":"https:\/\/www.gekho.fr\/monbook\/albums\/","title":{"rendered":"Albums"},"content":{"rendered":"\t\t<div data-elementor-type=\"wp-page\" data-elementor-id=\"485\" class=\"elementor elementor-485\" data-elementor-settings=\"[]\">\n\t\t\t\t\t\t<div class=\"elementor-inner\">\n\t\t\t\t\t\t\t<div class=\"elementor-section-wrap\">\n\t\t\t\t\t\t\t<section class=\"elementor-section elementor-top-section elementor-element elementor-element-1ff48dd elementor-section-boxed elementor-section-height-default elementor-section-height-default parallax_section_no qode_elementor_container_no qode-content-aligment-left\" data-id=\"1ff48dd\" data-element_type=\"section\">\n\t\t\t\t\t\t<div class=\"elementor-container elementor-column-gap-default\">\n\t\t\t\t\t\t\t<div class=\"elementor-row\">\n\t\t\t\t\t<div class=\"elementor-column elementor-col-100 elementor-top-column elementor-element elementor-element-eab1510\" data-id=\"eab1510\" data-element_type=\"column\">\n\t\t\t<div class=\"elementor-column-wrap elementor-element-populated\">\n\t\t\t\t\t\t\t<div class=\"elementor-widget-wrap\">\n\t\t\t\t\t\t<div class=\"elementor-element elementor-element-1e4ac1d elementor-widget elementor-widget-portfolio_list\" data-id=\"1e4ac1d\" data-element_type=\"widget\" data-widget_type=\"portfolio_list.default\">\n\t\t\t\t<div class=\"elementor-widget-container\">\n\t\t\t<div class='projects_holder_outer v4 portfolio_with_space portfolio_with_hover_text  qode-filter-position-top'>\n\t<div class='filter_outer center_align'>\n    <div class='filter_holder  without_separator'>\n        <ul>\n                            <li class='filter_title'><span>Classer par th\u00e8me<\/span><\/li>\n            \n                            <li class='filter' data-filter='all'><span>All<\/span><\/li>\n            \n                            <li class='filter' data-filter='portfolio_category_32'><span>Mode<\/span>\n                                <\/li>\n                            <li class='filter' data-filter='portfolio_category_24'><span>Nu<\/span>\n                                <\/li>\n                            <li class='filter' data-filter='portfolio_category_29'><span>Portrait<\/span>\n                                <\/li>\n                    <\/ul>\n    <\/div>\n<\/div>\n    \t<div class='projects_holder clearfix v4 hover_text portfolio_full_image '>\n\t\t<article class=\"mix portfolio_category_29\">\n    <div class='image_holder move_from_left'>\n        \n<span class='image'><img loading=\"lazy\" decoding=\"async\" width=\"853\" height=\"1280\" src=\"https:\/\/www.gekho.fr\/monbook\/wp-content\/uploads\/2021\/01\/valentin-lacoste-mmcMnx7f-Hg-unsplash.jpg\" class=\"attachment-full size-full wp-post-image\" alt=\"\" srcset=\"https:\/\/www.gekho.fr\/monbook\/wp-content\/uploads\/2021\/01\/valentin-lacoste-mmcMnx7f-Hg-unsplash.jpg 853w, https:\/\/www.gekho.fr\/monbook\/wp-content\/uploads\/2021\/01\/valentin-lacoste-mmcMnx7f-Hg-unsplash-600x900.jpg 600w, https:\/\/www.gekho.fr\/monbook\/wp-content\/uploads\/2021\/01\/valentin-lacoste-mmcMnx7f-Hg-unsplash-200x300.jpg 200w, https:\/\/www.gekho.fr\/monbook\/wp-content\/uploads\/2021\/01\/valentin-lacoste-mmcMnx7f-Hg-unsplash-682x1024.jpg 682w, https:\/\/www.gekho.fr\/monbook\/wp-content\/uploads\/2021\/01\/valentin-lacoste-mmcMnx7f-Hg-unsplash-768x1152.jpg 768w, https:\/\/www.gekho.fr\/monbook\/wp-content\/uploads\/2021\/01\/valentin-lacoste-mmcMnx7f-Hg-unsplash-480x720.jpg 480w\" sizes=\"auto, (max-width: 853px) 100vw, 853px\" \/><\/span>\n                    <a class='portfolio_link_class' href='https:\/\/www.gekho.fr\/monbook\/album\/portraits-divers\/' target='_self'><\/a>\n\t\t\n        <div class=\"holder-move\">\n\t<div class=\"portfolio_shader\"><\/div>\n\n\t<div class=\"text_holder\">\n\t\t<h3 class=\"portfolio_title\" > Portraits divers<\/h3><h6 class=\"portfolio_subtitle\"> <\/h6>\t<span class=\"project_category\">\n        <span> In <\/span>\n\t\tPortrait    <\/span>\n\t<\/div>\n\t<div class=\"icons_holder\">\n\t<div class=\"icons_holder_inner\">\n\t\t\t\t\t<\/div>\n<\/div><\/div>\n\n\n    <\/div>\n<\/article>\n<article class=\"mix portfolio_category_29\">\n    <div class='image_holder move_from_left'>\n        \n<span class='image'><img loading=\"lazy\" decoding=\"async\" width=\"853\" height=\"1280\" src=\"https:\/\/www.gekho.fr\/monbook\/wp-content\/uploads\/2021\/01\/valentin-lacoste-5dX0OHJqZ9Y-unsplash.jpg\" class=\"attachment-full size-full wp-post-image\" alt=\"\" srcset=\"https:\/\/www.gekho.fr\/monbook\/wp-content\/uploads\/2021\/01\/valentin-lacoste-5dX0OHJqZ9Y-unsplash.jpg 853w, https:\/\/www.gekho.fr\/monbook\/wp-content\/uploads\/2021\/01\/valentin-lacoste-5dX0OHJqZ9Y-unsplash-600x900.jpg 600w, https:\/\/www.gekho.fr\/monbook\/wp-content\/uploads\/2021\/01\/valentin-lacoste-5dX0OHJqZ9Y-unsplash-200x300.jpg 200w, https:\/\/www.gekho.fr\/monbook\/wp-content\/uploads\/2021\/01\/valentin-lacoste-5dX0OHJqZ9Y-unsplash-682x1024.jpg 682w, https:\/\/www.gekho.fr\/monbook\/wp-content\/uploads\/2021\/01\/valentin-lacoste-5dX0OHJqZ9Y-unsplash-768x1152.jpg 768w, https:\/\/www.gekho.fr\/monbook\/wp-content\/uploads\/2021\/01\/valentin-lacoste-5dX0OHJqZ9Y-unsplash-480x720.jpg 480w\" sizes=\"auto, (max-width: 853px) 100vw, 853px\" \/><\/span>\n                    <a class='portfolio_link_class' href='https:\/\/www.gekho.fr\/monbook\/album\/illuminee\/' target='_self'><\/a>\n\t\t\n        <div class=\"holder-move\">\n\t<div class=\"portfolio_shader\"><\/div>\n\n\t<div class=\"text_holder\">\n\t\t<h3 class=\"portfolio_title\" > Illumin\u00e9e<\/h3><h6 class=\"portfolio_subtitle\"> <\/h6>\t<span class=\"project_category\">\n        <span> In <\/span>\n\t\tPortrait    <\/span>\n\t<\/div>\n\t<div class=\"icons_holder\">\n\t<div class=\"icons_holder_inner\">\n\t\t\t\t\t<\/div>\n<\/div><\/div>\n\n\n    <\/div>\n<\/article>\n<article class=\"mix portfolio_category_24\">\n    <div class='image_holder move_from_left'>\n        \n<span class='image'><img loading=\"lazy\" decoding=\"async\" width=\"841\" height=\"1280\" src=\"https:\/\/www.gekho.fr\/monbook\/wp-content\/uploads\/2021\/01\/ava-sol-CnLIXY6XqJE-unsplash.jpg\" class=\"attachment-full size-full wp-post-image\" alt=\"\" srcset=\"https:\/\/www.gekho.fr\/monbook\/wp-content\/uploads\/2021\/01\/ava-sol-CnLIXY6XqJE-unsplash.jpg 841w, https:\/\/www.gekho.fr\/monbook\/wp-content\/uploads\/2021\/01\/ava-sol-CnLIXY6XqJE-unsplash-600x913.jpg 600w, https:\/\/www.gekho.fr\/monbook\/wp-content\/uploads\/2021\/01\/ava-sol-CnLIXY6XqJE-unsplash-197x300.jpg 197w, https:\/\/www.gekho.fr\/monbook\/wp-content\/uploads\/2021\/01\/ava-sol-CnLIXY6XqJE-unsplash-673x1024.jpg 673w, https:\/\/www.gekho.fr\/monbook\/wp-content\/uploads\/2021\/01\/ava-sol-CnLIXY6XqJE-unsplash-768x1169.jpg 768w, https:\/\/www.gekho.fr\/monbook\/wp-content\/uploads\/2021\/01\/ava-sol-CnLIXY6XqJE-unsplash-700x1065.jpg 700w\" sizes=\"auto, (max-width: 841px) 100vw, 841px\" \/><\/span>\n                    <a class='portfolio_link_class' href='https:\/\/www.gekho.fr\/monbook\/album\/nature-nue\/' target='_self'><\/a>\n\t\t\n        <div class=\"holder-move\">\n\t<div class=\"portfolio_shader\"><\/div>\n\n\t<div class=\"text_holder\">\n\t\t<h3 class=\"portfolio_title\" > Nature nue<\/h3><h6 class=\"portfolio_subtitle\"> <\/h6>\t<span class=\"project_category\">\n        <span> In <\/span>\n\t\tNu    <\/span>\n\t<\/div>\n\t<div class=\"icons_holder\">\n\t<div class=\"icons_holder_inner\">\n\t\t\t\t\t<\/div>\n<\/div><\/div>\n\n\n    <\/div>\n<\/article>\n<article class=\"mix portfolio_category_29\">\n    <div class='image_holder move_from_left'>\n        \n<span class='image'><img loading=\"lazy\" decoding=\"async\" width=\"853\" height=\"1280\" src=\"https:\/\/www.gekho.fr\/monbook\/wp-content\/uploads\/2021\/01\/valentin-lacoste-77GMtJeIq_c-unsplash.jpg\" class=\"attachment-full size-full wp-post-image\" alt=\"\" srcset=\"https:\/\/www.gekho.fr\/monbook\/wp-content\/uploads\/2021\/01\/valentin-lacoste-77GMtJeIq_c-unsplash.jpg 853w, https:\/\/www.gekho.fr\/monbook\/wp-content\/uploads\/2021\/01\/valentin-lacoste-77GMtJeIq_c-unsplash-600x900.jpg 600w, https:\/\/www.gekho.fr\/monbook\/wp-content\/uploads\/2021\/01\/valentin-lacoste-77GMtJeIq_c-unsplash-200x300.jpg 200w, https:\/\/www.gekho.fr\/monbook\/wp-content\/uploads\/2021\/01\/valentin-lacoste-77GMtJeIq_c-unsplash-682x1024.jpg 682w, https:\/\/www.gekho.fr\/monbook\/wp-content\/uploads\/2021\/01\/valentin-lacoste-77GMtJeIq_c-unsplash-768x1152.jpg 768w, https:\/\/www.gekho.fr\/monbook\/wp-content\/uploads\/2021\/01\/valentin-lacoste-77GMtJeIq_c-unsplash-480x720.jpg 480w\" sizes=\"auto, (max-width: 853px) 100vw, 853px\" \/><\/span>\n                    <a class='portfolio_link_class' href='https:\/\/www.gekho.fr\/monbook\/album\/bain-de-soleil\/' target='_self'><\/a>\n\t\t\n        <div class=\"holder-move\">\n\t<div class=\"portfolio_shader\"><\/div>\n\n\t<div class=\"text_holder\">\n\t\t<h3 class=\"portfolio_title\" > Bain de soleil<\/h3><h6 class=\"portfolio_subtitle\"> <\/h6>\t<span class=\"project_category\">\n        <span> In <\/span>\n\t\tPortrait    <\/span>\n\t<\/div>\n\t<div class=\"icons_holder\">\n\t<div class=\"icons_holder_inner\">\n\t\t\t\t\t<\/div>\n<\/div><\/div>\n\n\n    <\/div>\n<\/article>\n<article class=\"mix portfolio_category_29\">\n    <div class='image_holder move_from_left'>\n        \n<span class='image'><img loading=\"lazy\" decoding=\"async\" width=\"853\" height=\"1280\" src=\"https:\/\/www.gekho.fr\/monbook\/wp-content\/uploads\/2021\/01\/valentin-lacoste-5Cq366xJvYU-unsplash.jpg\" class=\"attachment-full size-full wp-post-image\" alt=\"\" srcset=\"https:\/\/www.gekho.fr\/monbook\/wp-content\/uploads\/2021\/01\/valentin-lacoste-5Cq366xJvYU-unsplash.jpg 853w, https:\/\/www.gekho.fr\/monbook\/wp-content\/uploads\/2021\/01\/valentin-lacoste-5Cq366xJvYU-unsplash-600x900.jpg 600w, https:\/\/www.gekho.fr\/monbook\/wp-content\/uploads\/2021\/01\/valentin-lacoste-5Cq366xJvYU-unsplash-200x300.jpg 200w, https:\/\/www.gekho.fr\/monbook\/wp-content\/uploads\/2021\/01\/valentin-lacoste-5Cq366xJvYU-unsplash-682x1024.jpg 682w, https:\/\/www.gekho.fr\/monbook\/wp-content\/uploads\/2021\/01\/valentin-lacoste-5Cq366xJvYU-unsplash-768x1152.jpg 768w, https:\/\/www.gekho.fr\/monbook\/wp-content\/uploads\/2021\/01\/valentin-lacoste-5Cq366xJvYU-unsplash-480x720.jpg 480w\" sizes=\"auto, (max-width: 853px) 100vw, 853px\" \/><\/span>\n                    <a class='portfolio_link_class' href='https:\/\/www.gekho.fr\/monbook\/album\/portraits-lumiere\/' target='_self'><\/a>\n\t\t\n        <div class=\"holder-move\">\n\t<div class=\"portfolio_shader\"><\/div>\n\n\t<div class=\"text_holder\">\n\t\t<h3 class=\"portfolio_title\" > Portraits lumi\u00e8re<\/h3><h6 class=\"portfolio_subtitle\"> <\/h6>\t<span class=\"project_category\">\n        <span> In <\/span>\n\t\tPortrait    <\/span>\n\t<\/div>\n\t<div class=\"icons_holder\">\n\t<div class=\"icons_holder_inner\">\n\t\t\t\t\t<\/div>\n<\/div><\/div>\n\n\n    <\/div>\n<\/article>\n<article class=\"mix portfolio_category_32\">\n    <div class='image_holder move_from_left'>\n        \n<span class='image'><img loading=\"lazy\" decoding=\"async\" width=\"1280\" height=\"1280\" src=\"https:\/\/www.gekho.fr\/monbook\/wp-content\/uploads\/2021\/01\/ava-sol-S9osESJySDE-unsplash.jpg\" class=\"attachment-full size-full wp-post-image\" alt=\"\" srcset=\"https:\/\/www.gekho.fr\/monbook\/wp-content\/uploads\/2021\/01\/ava-sol-S9osESJySDE-unsplash.jpg 1280w, https:\/\/www.gekho.fr\/monbook\/wp-content\/uploads\/2021\/01\/ava-sol-S9osESJySDE-unsplash-300x300.jpg 300w, https:\/\/www.gekho.fr\/monbook\/wp-content\/uploads\/2021\/01\/ava-sol-S9osESJySDE-unsplash-100x100.jpg 100w, https:\/\/www.gekho.fr\/monbook\/wp-content\/uploads\/2021\/01\/ava-sol-S9osESJySDE-unsplash-600x600.jpg 600w, https:\/\/www.gekho.fr\/monbook\/wp-content\/uploads\/2021\/01\/ava-sol-S9osESJySDE-unsplash-1024x1024.jpg 1024w, https:\/\/www.gekho.fr\/monbook\/wp-content\/uploads\/2021\/01\/ava-sol-S9osESJySDE-unsplash-150x150.jpg 150w, https:\/\/www.gekho.fr\/monbook\/wp-content\/uploads\/2021\/01\/ava-sol-S9osESJySDE-unsplash-768x768.jpg 768w, https:\/\/www.gekho.fr\/monbook\/wp-content\/uploads\/2021\/01\/ava-sol-S9osESJySDE-unsplash-550x550.jpg 550w, https:\/\/www.gekho.fr\/monbook\/wp-content\/uploads\/2021\/01\/ava-sol-S9osESJySDE-unsplash-500x500.jpg 500w, https:\/\/www.gekho.fr\/monbook\/wp-content\/uploads\/2021\/01\/ava-sol-S9osESJySDE-unsplash-1000x1000.jpg 1000w, https:\/\/www.gekho.fr\/monbook\/wp-content\/uploads\/2021\/01\/ava-sol-S9osESJySDE-unsplash-700x700.jpg 700w, https:\/\/www.gekho.fr\/monbook\/wp-content\/uploads\/2021\/01\/ava-sol-S9osESJySDE-unsplash-1100x1100.jpg 1100w\" sizes=\"auto, (max-width: 1280px) 100vw, 1280px\" \/><\/span>\n                    <a class='portfolio_link_class' href='https:\/\/www.gekho.fr\/monbook\/album\/yello\/' target='_self'><\/a>\n\t\t\n        <div class=\"holder-move\">\n\t<div class=\"portfolio_shader\"><\/div>\n\n\t<div class=\"text_holder\">\n\t\t<h3 class=\"portfolio_title\" > Yello<\/h3><h6 class=\"portfolio_subtitle\"> <\/h6>\t<span class=\"project_category\">\n        <span> In <\/span>\n\t\tMode    <\/span>\n\t<\/div>\n\t<div class=\"icons_holder\">\n\t<div class=\"icons_holder_inner\">\n\t\t\t\t\t<\/div>\n<\/div><\/div>\n\n\n    <\/div>\n<\/article>\n<article class=\"mix portfolio_category_24\">\n    <div class='image_holder move_from_left'>\n        \n<span class='image'><img loading=\"lazy\" decoding=\"async\" width=\"829\" height=\"1280\" src=\"https:\/\/www.gekho.fr\/monbook\/wp-content\/uploads\/2021\/01\/ava-sol-bt10WSrJRrE-unsplash.jpg\" class=\"attachment-full size-full wp-post-image\" alt=\"\" srcset=\"https:\/\/www.gekho.fr\/monbook\/wp-content\/uploads\/2021\/01\/ava-sol-bt10WSrJRrE-unsplash.jpg 829w, https:\/\/www.gekho.fr\/monbook\/wp-content\/uploads\/2021\/01\/ava-sol-bt10WSrJRrE-unsplash-600x926.jpg 600w, https:\/\/www.gekho.fr\/monbook\/wp-content\/uploads\/2021\/01\/ava-sol-bt10WSrJRrE-unsplash-194x300.jpg 194w, https:\/\/www.gekho.fr\/monbook\/wp-content\/uploads\/2021\/01\/ava-sol-bt10WSrJRrE-unsplash-663x1024.jpg 663w, https:\/\/www.gekho.fr\/monbook\/wp-content\/uploads\/2021\/01\/ava-sol-bt10WSrJRrE-unsplash-768x1186.jpg 768w, https:\/\/www.gekho.fr\/monbook\/wp-content\/uploads\/2021\/01\/ava-sol-bt10WSrJRrE-unsplash-700x1081.jpg 700w\" sizes=\"auto, (max-width: 829px) 100vw, 829px\" \/><\/span>\n                    <a class='portfolio_link_class' href='https:\/\/www.gekho.fr\/monbook\/album\/nu-de-lumiere\/' target='_self'><\/a>\n\t\t\n        <div class=\"holder-move\">\n\t<div class=\"portfolio_shader\"><\/div>\n\n\t<div class=\"text_holder\">\n\t\t<h3 class=\"portfolio_title\" > Nu de lumi\u00e8re<\/h3><h6 class=\"portfolio_subtitle\"> <\/h6>\t<span class=\"project_category\">\n        <span> In <\/span>\n\t\tNu    <\/span>\n\t<\/div>\n\t<div class=\"icons_holder\">\n\t<div class=\"icons_holder_inner\">\n\t\t\t\t\t<\/div>\n<\/div><\/div>\n\n\n    <\/div>\n<\/article>\n<article class=\"mix portfolio_category_24\">\n    <div class='image_holder move_from_left'>\n        \n<span class='image'><img loading=\"lazy\" decoding=\"async\" width=\"1280\" height=\"772\" src=\"https:\/\/www.gekho.fr\/monbook\/wp-content\/uploads\/2021\/01\/ava-sol-p8mdWsD6Rec-unsplash.jpg\" class=\"attachment-full size-full wp-post-image\" alt=\"\" srcset=\"https:\/\/www.gekho.fr\/monbook\/wp-content\/uploads\/2021\/01\/ava-sol-p8mdWsD6Rec-unsplash.jpg 1280w, https:\/\/www.gekho.fr\/monbook\/wp-content\/uploads\/2021\/01\/ava-sol-p8mdWsD6Rec-unsplash-600x362.jpg 600w, https:\/\/www.gekho.fr\/monbook\/wp-content\/uploads\/2021\/01\/ava-sol-p8mdWsD6Rec-unsplash-300x181.jpg 300w, https:\/\/www.gekho.fr\/monbook\/wp-content\/uploads\/2021\/01\/ava-sol-p8mdWsD6Rec-unsplash-1024x618.jpg 1024w, https:\/\/www.gekho.fr\/monbook\/wp-content\/uploads\/2021\/01\/ava-sol-p8mdWsD6Rec-unsplash-768x463.jpg 768w, https:\/\/www.gekho.fr\/monbook\/wp-content\/uploads\/2021\/01\/ava-sol-p8mdWsD6Rec-unsplash-700x422.jpg 700w, https:\/\/www.gekho.fr\/monbook\/wp-content\/uploads\/2021\/01\/ava-sol-p8mdWsD6Rec-unsplash-1100x663.jpg 1100w\" sizes=\"auto, (max-width: 1280px) 100vw, 1280px\" \/><\/span>\n                    <a class='portfolio_link_class' href='https:\/\/www.gekho.fr\/monbook\/album\/no-face-nude\/' target='_self'><\/a>\n\t\t\n        <div class=\"holder-move\">\n\t<div class=\"portfolio_shader\"><\/div>\n\n\t<div class=\"text_holder\">\n\t\t<h3 class=\"portfolio_title\" > No Face &#8211; Nude<\/h3><h6 class=\"portfolio_subtitle\"> <\/h6>\t<span class=\"project_category\">\n        <span> In <\/span>\n\t\tNu    <\/span>\n\t<\/div>\n\t<div class=\"icons_holder\">\n\t<div class=\"icons_holder_inner\">\n\t\t\t\t\t<\/div>\n<\/div><\/div>\n\n\n    <\/div>\n<\/article>\n\t\t\t\t\t<div class='filler'><\/div>\n\t\t\t\t\t\t\t\t\t<div class='filler'><\/div>\n\t\t\t\t\t\t\t\t\t<div class='filler'><\/div>\n\t\t\t\t\t\t\t\t\t<div class='filler'><\/div>\n\t\t\t\t\t<\/div>\n\n    \n\t<\/div>\n\t\t<\/div>\n\t\t\t\t<\/div>\n\t\t\t\t\t\t<\/div>\n\t\t\t\t\t<\/div>\n\t\t<\/div>\n\t\t\t\t\t\t\t\t<\/div>\n\t\t\t\t\t<\/div>\n\t\t<\/section>\n\t\t\t\t\t\t<\/div>\n\t\t\t\t\t\t<\/div>\n\t\t\t\t\t<\/div>\n\t\t","protected":false},"excerpt":{"rendered":"<p>Classer par th\u00e8me All Mode Nu Portrait Portraits divers In Portrait Illumin\u00e9e In Portrait Nature nue In Nu Bain de soleil In Portrait Portraits lumi\u00e8re In Portrait Yello In Mode Nu de lumi\u00e8re In Nu No Face &#8211; Nude In Nu<\/p>\n","protected":false},"author":1,"featured_media":29,"parent":0,"menu_order":0,"comment_status":"closed","ping_status":"closed","template":"","meta":{"footnotes":""},"class_list":["post-485","page","type-page","status-publish","has-post-thumbnail","hentry"],"_links":{"self":[{"href":"https:\/\/www.gekho.fr\/monbook\/wp-json\/wp\/v2\/pages\/485","targetHints":{"allow":["GET"]}}],"collection":[{"href":"https:\/\/www.gekho.fr\/monbook\/wp-json\/wp\/v2\/pages"}],"about":[{"href":"https:\/\/www.gekho.fr\/monbook\/wp-json\/wp\/v2\/types\/page"}],"author":[{"embeddable":true,"href":"https:\/\/www.gekho.fr\/monbook\/wp-json\/wp\/v2\/users\/1"}],"replies":[{"embeddable":true,"href":"https:\/\/www.gekho.fr\/monbook\/wp-json\/wp\/v2\/comments?post=485"}],"version-history":[{"count":18,"href":"https:\/\/www.gekho.fr\/monbook\/wp-json\/wp\/v2\/pages\/485\/revisions"}],"predecessor-version":[{"id":609,"href":"https:\/\/www.gekho.fr\/monbook\/wp-json\/wp\/v2\/pages\/485\/revisions\/609"}],"wp:featuredmedia":[{"embeddable":true,"href":"https:\/\/www.gekho.fr\/monbook\/wp-json\/wp\/v2\/media\/29"}],"wp:attachment":[{"href":"https:\/\/www.gekho.fr\/monbook\/wp-json\/wp\/v2\/media?parent=485"}],"curies":[{"name":"wp","href":"https:\/\/api.w.org\/{rel}","templated":true}]}}